{"id":362,"date":"2025-01-16T14:56:35","date_gmt":"2025-01-16T19:56:35","guid":{"rendered":"https:\/\/enmodeado.ekloweb.com\/?page_id=362"},"modified":"2025-08-19T13:50:16","modified_gmt":"2025-08-19T17:50:16","slug":"teens","status":"publish","type":"page","link":"https:\/\/enmodeado.ca\/en\/teens\/","title":{"rendered":"Teens"},"content":{"rendered":"\r\n    <div class=\"container-deco deco-top container-bg-color-bg-light\">\r\n            <\/div>\r\n<section class=\"container-eklo add-table-content container-bg-color-bg-light container-padding-4em\">\r\n\r\n    <div class=\"container\">\r\n                <div class=\"container-eklo-content eklo-deco\" >\r\n            <div class=\"acf-innerblocks-container\">\n\r\n<div class=\" list-categories \">\r\n            <div class=\"row gy-4\" role=\"list\">\r\n                            <div class=\"col-12 col-lg-6 col-xl-4\" role=\"listitem\" data-aos=\"fade-up\">\r\n                    <div class=\"news-item\" data-clickable-permalink>\r\n                        <div class=\"news-item-content d-flex flex-column justify-content-between order-2\">\r\n                            <h3 class=\"news-item-title\">\r\n                                Body image                            <\/h3>\r\n\r\n                            <div class=\"news-item-read-more-container mt-auto\">\r\n                                <a href=\"https:\/\/enmodeado.ca\/en\/type-de-boite-a-outils\/body-image\/\" class=\"link-arrow-news\">\r\n                                    Learn more                                    <span class=\"sr-only\">&nbsp;about Body image<\/span>\r\n                                <\/a>\r\n                            <\/div>\r\n                        <\/div>\r\n                        <div class=\"news-item-thumbnail order-1\">\r\n                            <img decoding=\"async\" src=\"https:\/\/enmodeado.ca\/wp-content\/uploads\/2025\/05\/bien-dans-son-corps-1600x1067.jpg\" alt=\"Un groupe d&#039;amis prend un photo ensemble.\">\r\n                        <\/div>\r\n                    <\/div>\r\n                <\/div>\r\n                            <div class=\"col-12 col-lg-6 col-xl-4\" role=\"listitem\" data-aos=\"fade-up\">\r\n                    <div class=\"news-item\" data-clickable-permalink>\r\n                        <div class=\"news-item-content d-flex flex-column justify-content-between order-2\">\r\n                            <h3 class=\"news-item-title\">\r\n                                Consumption                            <\/h3>\r\n\r\n                            <div class=\"news-item-read-more-container mt-auto\">\r\n                                <a href=\"https:\/\/enmodeado.ca\/en\/type-de-boite-a-outils\/consumption\/\" class=\"link-arrow-news\">\r\n                                    Learn more                                    <span class=\"sr-only\">&nbsp;about Consumption<\/span>\r\n                                <\/a>\r\n                            <\/div>\r\n                        <\/div>\r\n                        <div class=\"news-item-thumbnail order-1\">\r\n                            <img decoding=\"async\" src=\"https:\/\/enmodeado.ca\/wp-content\/uploads\/2025\/05\/consommation-1-1600x1117.jpg\" alt=\"\">\r\n                        <\/div>\r\n                    <\/div>\r\n                <\/div>\r\n                            <div class=\"col-12 col-lg-6 col-xl-4\" role=\"listitem\" data-aos=\"fade-up\">\r\n                    <div class=\"news-item\" data-clickable-permalink>\r\n                        <div class=\"news-item-content d-flex flex-column justify-content-between order-2\">\r\n                            <h3 class=\"news-item-title\">\r\n                                Love and friendship                            <\/h3>\r\n\r\n                            <div class=\"news-item-read-more-container mt-auto\">\r\n                                <a href=\"https:\/\/enmodeado.ca\/en\/type-de-boite-a-outils\/love-and-friendship\/\" class=\"link-arrow-news\">\r\n                                    Learn more                                    <span class=\"sr-only\">&nbsp;about Love and friendship<\/span>\r\n                                <\/a>\r\n                            <\/div>\r\n                        <\/div>\r\n                        <div class=\"news-item-thumbnail order-1\">\r\n                            <img decoding=\"async\" src=\"https:\/\/enmodeado.ca\/wp-content\/uploads\/2025\/05\/amour-amitie-1600x1067.jpg\" alt=\"Des adolescents sont assis sur des marches : deux gar\u00e7ons en haut et des filles en bas, dont celle \u00e0 gauche prend une photo d\u2019eux.\">\r\n                        <\/div>\r\n                    <\/div>\r\n                <\/div>\r\n                            <div class=\"col-12 col-lg-6 col-xl-4\" role=\"listitem\" data-aos=\"fade-up\">\r\n                    <div class=\"news-item\" data-clickable-permalink>\r\n                        <div class=\"news-item-content d-flex flex-column justify-content-between order-2\">\r\n                            <h3 class=\"news-item-title\">\r\n                                Mental health                            <\/h3>\r\n\r\n                            <div class=\"news-item-read-more-container mt-auto\">\r\n                                <a href=\"https:\/\/enmodeado.ca\/en\/type-de-boite-a-outils\/mental-health\/\" class=\"link-arrow-news\">\r\n                                    Learn more                                    <span class=\"sr-only\">&nbsp;about Mental health<\/span>\r\n                                <\/a>\r\n                            <\/div>\r\n                        <\/div>\r\n                        <div class=\"news-item-thumbnail order-1\">\r\n                            <img decoding=\"async\" src=\"https:\/\/enmodeado.ca\/wp-content\/uploads\/2025\/05\/sante-mental-1600x1067.jpg\" alt=\"Un adolescent qui se tient la t\u00eate en regardant son cellulaire et une adolescente \u00e0 sa droite qui le r\u00e9conforte\">\r\n                        <\/div>\r\n                    <\/div>\r\n                <\/div>\r\n                            <div class=\"col-12 col-lg-6 col-xl-4\" role=\"listitem\" data-aos=\"fade-up\">\r\n                    <div class=\"news-item\" data-clickable-permalink>\r\n                        <div class=\"news-item-content d-flex flex-column justify-content-between order-2\">\r\n                            <h3 class=\"news-item-title\">\r\n                                Nutrition                            <\/h3>\r\n\r\n                            <div class=\"news-item-read-more-container mt-auto\">\r\n                                <a href=\"https:\/\/enmodeado.ca\/en\/type-de-boite-a-outils\/nutrition\/\" class=\"link-arrow-news\">\r\n                                    Learn more                                    <span class=\"sr-only\">&nbsp;about Nutrition<\/span>\r\n                                <\/a>\r\n                            <\/div>\r\n                        <\/div>\r\n                        <div class=\"news-item-thumbnail order-1\">\r\n                            <img decoding=\"async\" src=\"https:\/\/enmodeado.ca\/wp-content\/uploads\/2025\/05\/alimentation-1600x900.png\" alt=\"\">\r\n                        <\/div>\r\n                    <\/div>\r\n                <\/div>\r\n                            <div class=\"col-12 col-lg-6 col-xl-4\" role=\"listitem\" data-aos=\"fade-up\">\r\n                    <div class=\"news-item\" data-clickable-permalink>\r\n                        <div class=\"news-item-content d-flex flex-column justify-content-between order-2\">\r\n                            <h3 class=\"news-item-title\">\r\n                                Parenting                            <\/h3>\r\n\r\n                            <div class=\"news-item-read-more-container mt-auto\">\r\n                                <a href=\"https:\/\/enmodeado.ca\/en\/type-de-boite-a-outils\/parenting\/\" class=\"link-arrow-news\">\r\n                                    Learn more                                    <span class=\"sr-only\">&nbsp;about Parenting<\/span>\r\n                                <\/a>\r\n                            <\/div>\r\n                        <\/div>\r\n                        <div class=\"news-item-thumbnail order-1\">\r\n                            <img decoding=\"async\" src=\"https:\/\/enmodeado.ca\/wp-content\/uploads\/2025\/05\/etre-parent-e1747940236293-1600x813.jpg\" alt=\"Une famille dans la cuisine. Le p\u00e8re, \u00e0 gauche et vu de dos, est devant le four. Sa fille est assise sur le comptoir, \u00e0 sa droite. De l\u2019autre c\u00f4t\u00e9 de la cuisine, la m\u00e8re et le fils placent les assiettes et les ustensiles en se regardant et en souriant.\">\r\n                        <\/div>\r\n                    <\/div>\r\n                <\/div>\r\n                            <div class=\"col-12 col-lg-6 col-xl-4\" role=\"listitem\" data-aos=\"fade-up\">\r\n                    <div class=\"news-item\" data-clickable-permalink>\r\n                        <div class=\"news-item-content d-flex flex-column justify-content-between order-2\">\r\n                            <h3 class=\"news-item-title\">\r\n                                Physical activity                            <\/h3>\r\n\r\n                            <div class=\"news-item-read-more-container mt-auto\">\r\n                                <a href=\"https:\/\/enmodeado.ca\/en\/type-de-boite-a-outils\/physical-activity\/\" class=\"link-arrow-news\">\r\n                                    Learn more                                    <span class=\"sr-only\">&nbsp;about Physical activity<\/span>\r\n                                <\/a>\r\n                            <\/div>\r\n                        <\/div>\r\n                        <div class=\"news-item-thumbnail order-1\">\r\n                            <img decoding=\"async\" src=\"https:\/\/enmodeado.ca\/wp-content\/uploads\/2025\/05\/activite-physique-e1747752488418-1600x773.jpg\" alt=\"\">\r\n                        <\/div>\r\n                    <\/div>\r\n                <\/div>\r\n                            <div class=\"col-12 col-lg-6 col-xl-4\" role=\"listitem\" data-aos=\"fade-up\">\r\n                    <div class=\"news-item\" data-clickable-permalink>\r\n                        <div class=\"news-item-content d-flex flex-column justify-content-between order-2\">\r\n                            <h3 class=\"news-item-title\">\r\n                                Preparing for the end of high school                            <\/h3>\r\n\r\n                            <div class=\"news-item-read-more-container mt-auto\">\r\n                                <a href=\"https:\/\/enmodeado.ca\/en\/type-de-boite-a-outils\/preparer-la-fin-du-secondaire\/\" class=\"link-arrow-news\">\r\n                                    Learn more                                    <span class=\"sr-only\">&nbsp;about Preparing for the end of high school<\/span>\r\n                                <\/a>\r\n                            <\/div>\r\n                        <\/div>\r\n                        <div class=\"news-item-thumbnail order-1\">\r\n                            <img decoding=\"async\" src=\"https:\/\/enmodeado.ca\/wp-content\/uploads\/2025\/05\/fin-secondaire-1600x900.png\" alt=\"\">\r\n                        <\/div>\r\n                    <\/div>\r\n                <\/div>\r\n                            <div class=\"col-12 col-lg-6 col-xl-4\" role=\"listitem\" data-aos=\"fade-up\">\r\n                    <div class=\"news-item\" data-clickable-permalink>\r\n                        <div class=\"news-item-content d-flex flex-column justify-content-between order-2\">\r\n                            <h3 class=\"news-item-title\">\r\n                                Screens                            <\/h3>\r\n\r\n                            <div class=\"news-item-read-more-container mt-auto\">\r\n                                <a href=\"https:\/\/enmodeado.ca\/en\/type-de-boite-a-outils\/screens\/\" class=\"link-arrow-news\">\r\n                                    Learn more                                    <span class=\"sr-only\">&nbsp;about Screens<\/span>\r\n                                <\/a>\r\n                            <\/div>\r\n                        <\/div>\r\n                        <div class=\"news-item-thumbnail order-1\">\r\n                            <img decoding=\"async\" src=\"https:\/\/enmodeado.ca\/wp-content\/uploads\/2025\/05\/ecran-1600x1067.jpg\" alt=\"\">\r\n                        <\/div>\r\n                    <\/div>\r\n                <\/div>\r\n                            <div class=\"col-12 col-lg-6 col-xl-4\" role=\"listitem\" data-aos=\"fade-up\">\r\n                    <div class=\"news-item\" data-clickable-permalink>\r\n                        <div class=\"news-item-content d-flex flex-column justify-content-between order-2\">\r\n                            <h3 class=\"news-item-title\">\r\n                                Sexuality                            <\/h3>\r\n\r\n                            <div class=\"news-item-read-more-container mt-auto\">\r\n                                <a href=\"https:\/\/enmodeado.ca\/en\/type-de-boite-a-outils\/sexuality\/\" class=\"link-arrow-news\">\r\n                                    Learn more                                    <span class=\"sr-only\">&nbsp;about Sexuality<\/span>\r\n                                <\/a>\r\n                            <\/div>\r\n                        <\/div>\r\n                        <div class=\"news-item-thumbnail order-1\">\r\n                            <img decoding=\"async\" src=\"https:\/\/enmodeado.ca\/wp-content\/uploads\/2025\/05\/sexualite-1600x1067.jpg\" alt=\"\">\r\n                        <\/div>\r\n                    <\/div>\r\n                <\/div>\r\n                            <div class=\"col-12 col-lg-6 col-xl-4\" role=\"listitem\" data-aos=\"fade-up\">\r\n                    <div class=\"news-item\" data-clickable-permalink>\r\n                        <div class=\"news-item-content d-flex flex-column justify-content-between order-2\">\r\n                            <h3 class=\"news-item-title\">\r\n                                Sleep                            <\/h3>\r\n\r\n                            <div class=\"news-item-read-more-container mt-auto\">\r\n                                <a href=\"https:\/\/enmodeado.ca\/en\/type-de-boite-a-outils\/sleep\/\" class=\"link-arrow-news\">\r\n                                    Learn more                                    <span class=\"sr-only\">&nbsp;about Sleep<\/span>\r\n                                <\/a>\r\n                            <\/div>\r\n                        <\/div>\r\n                        <div class=\"news-item-thumbnail order-1\">\r\n                            <img decoding=\"async\" src=\"https:\/\/enmodeado.ca\/wp-content\/uploads\/2025\/05\/sommeil-1600x1105.jpg\" alt=\"\">\r\n                        <\/div>\r\n                    <\/div>\r\n                <\/div>\r\n                            <div class=\"col-12 col-lg-6 col-xl-4\" role=\"listitem\" data-aos=\"fade-up\">\r\n                    <div class=\"news-item\" data-clickable-permalink>\r\n                        <div class=\"news-item-content d-flex flex-column justify-content-between order-2\">\r\n                            <h3 class=\"news-item-title\">\r\n                                Teens development                            <\/h3>\r\n\r\n                            <div class=\"news-item-read-more-container mt-auto\">\r\n                                <a href=\"https:\/\/enmodeado.ca\/en\/type-de-boite-a-outils\/teens-development\/\" class=\"link-arrow-news\">\r\n                                    Learn more                                    <span class=\"sr-only\">&nbsp;about Teens development<\/span>\r\n                                <\/a>\r\n                            <\/div>\r\n                        <\/div>\r\n                        <div class=\"news-item-thumbnail order-1\">\r\n                            <img decoding=\"async\" src=\"https:\/\/enmodeado.ca\/wp-content\/uploads\/2025\/05\/EnModeAdo-29-1024x576.png\" alt=\"Un groupe de deux filles et deux gar\u00e7ons assis en cercle sur le gazon, en train de jouer aux cartes.\">\r\n                        <\/div>\r\n                    <\/div>\r\n                <\/div>\r\n                            <div class=\"col-12 col-lg-6 col-xl-4\" role=\"listitem\" data-aos=\"fade-up\">\r\n                    <div class=\"news-item\" data-clickable-permalink>\r\n                        <div class=\"news-item-content d-flex flex-column justify-content-between order-2\">\r\n                            <h3 class=\"news-item-title\">\r\n                                Violence                            <\/h3>\r\n\r\n                            <div class=\"news-item-read-more-container mt-auto\">\r\n                                <a href=\"https:\/\/enmodeado.ca\/en\/type-de-boite-a-outils\/violence-en\/\" class=\"link-arrow-news\">\r\n                                    Learn more                                    <span class=\"sr-only\">&nbsp;about Violence<\/span>\r\n                                <\/a>\r\n                            <\/div>\r\n                        <\/div>\r\n                        <div class=\"news-item-thumbnail order-1\">\r\n                            <img decoding=\"async\" src=\"https:\/\/enmodeado.ca\/wp-content\/uploads\/2025\/05\/violence-1600x1067.jpg\" alt=\"\">\r\n                        <\/div>\r\n                    <\/div>\r\n                <\/div>\r\n                            <div class=\"col-12 col-lg-6 col-xl-4\" role=\"listitem\" data-aos=\"fade-up\">\r\n                    <div class=\"news-item\" data-clickable-permalink>\r\n                        <div class=\"news-item-content d-flex flex-column justify-content-between order-2\">\r\n                            <h3 class=\"news-item-title\">\r\n                                Work experience                            <\/h3>\r\n\r\n                            <div class=\"news-item-read-more-container mt-auto\">\r\n                                <a href=\"https:\/\/enmodeado.ca\/en\/type-de-boite-a-outils\/work-experience\/\" class=\"link-arrow-news\">\r\n                                    Learn more                                    <span class=\"sr-only\">&nbsp;about Work experience<\/span>\r\n                                <\/a>\r\n                            <\/div>\r\n                        <\/div>\r\n                        <div class=\"news-item-thumbnail order-1\">\r\n                            <img decoding=\"async\" src=\"https:\/\/enmodeado.ca\/wp-content\/uploads\/2025\/05\/dans-mon-corps-sec-2-e1747936908760-1600x1407.jpg\" alt=\"\">\r\n                        <\/div>\r\n                    <\/div>\r\n                <\/div>\r\n                    <\/div>\r\n    <\/div>\r\n\n<\/div>\r\n        <\/div>\r\n    <\/div>\r\n\r\n<\/section>\r\n    <div class=\"container-deco deco-bottom container-bg-color-bg-light\">\r\n            <\/div>\r\n","protected":false},"excerpt":{"rendered":"<p>...<br \/><a href=\"https:\/\/enmodeado.ca\/en\/teens\/\" class=\"btn\">Read more <span class=\"sr-only\">about Teens<\/span><\/a><\/p>","protected":false},"author":3,"featured_media":0,"parent":0,"menu_order":2,"comment_status":"closed","ping_status":"closed","template":"","meta":{"_acf_changed":false,"footnotes":""},"class_list":["post-362","page","type-page","status-publish","hentry"],"acf":[],"yoast_head":"<!-- This site is optimized with the Yoast SEO plugin v26.8 - https:\/\/yoast.com\/product\/yoast-seo-wordpress\/ -->\n<title>Teens - En mode ado<\/title>\n<meta name=\"robots\" content=\"index, follow, max-snippet:-1, max-image-preview:large, max-video-preview:-1\" \/>\n<link rel=\"canonical\" href=\"https:\/\/enmodeado.ca\/en\/teens\/\" \/>\n<meta property=\"og:locale\" content=\"en_US\" \/>\n<meta property=\"og:type\" content=\"article\" \/>\n<meta property=\"og:title\" content=\"Teens - En mode ado\" \/>\n<meta property=\"og:url\" content=\"https:\/\/enmodeado.ca\/en\/teens\/\" \/>\n<meta property=\"og:site_name\" content=\"En mode ado\" \/>\n<meta property=\"article:modified_time\" content=\"2025-08-19T17:50:16+00:00\" \/>\n<meta name=\"twitter:card\" content=\"summary_large_image\" \/>\n<script type=\"application\/ld+json\" class=\"yoast-schema-graph\">{\"@context\":\"https:\/\/schema.org\",\"@graph\":[{\"@type\":\"WebPage\",\"@id\":\"https:\/\/enmodeado.ca\/en\/teens\/\",\"url\":\"https:\/\/enmodeado.ca\/en\/teens\/\",\"name\":\"Teens - En mode ado\",\"isPartOf\":{\"@id\":\"https:\/\/enmodeado.ca\/en\/#website\"},\"datePublished\":\"2025-01-16T19:56:35+00:00\",\"dateModified\":\"2025-08-19T17:50:16+00:00\",\"breadcrumb\":{\"@id\":\"https:\/\/enmodeado.ca\/en\/teens\/#breadcrumb\"},\"inLanguage\":\"en-US\",\"potentialAction\":[{\"@type\":\"ReadAction\",\"target\":[\"https:\/\/enmodeado.ca\/en\/teens\/\"]}]},{\"@type\":\"BreadcrumbList\",\"@id\":\"https:\/\/enmodeado.ca\/en\/teens\/#breadcrumb\",\"itemListElement\":[{\"@type\":\"ListItem\",\"position\":1,\"name\":\"Home\",\"item\":\"https:\/\/enmodeado.ca\/en\/\"},{\"@type\":\"ListItem\",\"position\":2,\"name\":\"Teens\"}]},{\"@type\":\"WebSite\",\"@id\":\"https:\/\/enmodeado.ca\/en\/#website\",\"url\":\"https:\/\/enmodeado.ca\/en\/\",\"name\":\"En mode ado\",\"description\":\"\",\"publisher\":{\"@id\":\"https:\/\/enmodeado.ca\/en\/#organization\"},\"potentialAction\":[{\"@type\":\"SearchAction\",\"target\":{\"@type\":\"EntryPoint\",\"urlTemplate\":\"https:\/\/enmodeado.ca\/en\/?s={search_term_string}\"},\"query-input\":{\"@type\":\"PropertyValueSpecification\",\"valueRequired\":true,\"valueName\":\"search_term_string\"}}],\"inLanguage\":\"en-US\"},{\"@type\":\"Organization\",\"@id\":\"https:\/\/enmodeado.ca\/en\/#organization\",\"name\":\"En mode ado\",\"url\":\"https:\/\/enmodeado.ca\/en\/\",\"logo\":{\"@type\":\"ImageObject\",\"inLanguage\":\"en-US\",\"@id\":\"https:\/\/enmodeado.ca\/en\/#\/schema\/logo\/image\/\",\"url\":\"https:\/\/enmodeado.ca\/wp-content\/uploads\/2026\/01\/en-mode-ado.png\",\"contentUrl\":\"https:\/\/enmodeado.ca\/wp-content\/uploads\/2026\/01\/en-mode-ado.png\",\"width\":300,\"height\":300,\"caption\":\"En mode ado\"},\"image\":{\"@id\":\"https:\/\/enmodeado.ca\/en\/#\/schema\/logo\/image\/\"}}]}<\/script>\n<!-- \/ Yoast SEO plugin. -->","yoast_head_json":{"title":"Teens - En mode ado","robots":{"index":"index","follow":"follow","max-snippet":"max-snippet:-1","max-image-preview":"max-image-preview:large","max-video-preview":"max-video-preview:-1"},"canonical":"https:\/\/enmodeado.ca\/en\/teens\/","og_locale":"en_US","og_type":"article","og_title":"Teens - En mode ado","og_url":"https:\/\/enmodeado.ca\/en\/teens\/","og_site_name":"En mode ado","article_modified_time":"2025-08-19T17:50:16+00:00","twitter_card":"summary_large_image","schema":{"@context":"https:\/\/schema.org","@graph":[{"@type":"WebPage","@id":"https:\/\/enmodeado.ca\/en\/teens\/","url":"https:\/\/enmodeado.ca\/en\/teens\/","name":"Teens - En mode ado","isPartOf":{"@id":"https:\/\/enmodeado.ca\/en\/#website"},"datePublished":"2025-01-16T19:56:35+00:00","dateModified":"2025-08-19T17:50:16+00:00","breadcrumb":{"@id":"https:\/\/enmodeado.ca\/en\/teens\/#breadcrumb"},"inLanguage":"en-US","potentialAction":[{"@type":"ReadAction","target":["https:\/\/enmodeado.ca\/en\/teens\/"]}]},{"@type":"BreadcrumbList","@id":"https:\/\/enmodeado.ca\/en\/teens\/#breadcrumb","itemListElement":[{"@type":"ListItem","position":1,"name":"Home","item":"https:\/\/enmodeado.ca\/en\/"},{"@type":"ListItem","position":2,"name":"Teens"}]},{"@type":"WebSite","@id":"https:\/\/enmodeado.ca\/en\/#website","url":"https:\/\/enmodeado.ca\/en\/","name":"En mode ado","description":"","publisher":{"@id":"https:\/\/enmodeado.ca\/en\/#organization"},"potentialAction":[{"@type":"SearchAction","target":{"@type":"EntryPoint","urlTemplate":"https:\/\/enmodeado.ca\/en\/?s={search_term_string}"},"query-input":{"@type":"PropertyValueSpecification","valueRequired":true,"valueName":"search_term_string"}}],"inLanguage":"en-US"},{"@type":"Organization","@id":"https:\/\/enmodeado.ca\/en\/#organization","name":"En mode ado","url":"https:\/\/enmodeado.ca\/en\/","logo":{"@type":"ImageObject","inLanguage":"en-US","@id":"https:\/\/enmodeado.ca\/en\/#\/schema\/logo\/image\/","url":"https:\/\/enmodeado.ca\/wp-content\/uploads\/2026\/01\/en-mode-ado.png","contentUrl":"https:\/\/enmodeado.ca\/wp-content\/uploads\/2026\/01\/en-mode-ado.png","width":300,"height":300,"caption":"En mode ado"},"image":{"@id":"https:\/\/enmodeado.ca\/en\/#\/schema\/logo\/image\/"}}]}},"_links":{"self":[{"href":"https:\/\/enmodeado.ca\/en\/wp-json\/wp\/v2\/pages\/362","targetHints":{"allow":["GET"]}}],"collection":[{"href":"https:\/\/enmodeado.ca\/en\/wp-json\/wp\/v2\/pages"}],"about":[{"href":"https:\/\/enmodeado.ca\/en\/wp-json\/wp\/v2\/types\/page"}],"author":[{"embeddable":true,"href":"https:\/\/enmodeado.ca\/en\/wp-json\/wp\/v2\/users\/3"}],"replies":[{"embeddable":true,"href":"https:\/\/enmodeado.ca\/en\/wp-json\/wp\/v2\/comments?post=362"}],"version-history":[{"count":4,"href":"https:\/\/enmodeado.ca\/en\/wp-json\/wp\/v2\/pages\/362\/revisions"}],"predecessor-version":[{"id":2307,"href":"https:\/\/enmodeado.ca\/en\/wp-json\/wp\/v2\/pages\/362\/revisions\/2307"}],"wp:attachment":[{"href":"https:\/\/enmodeado.ca\/en\/wp-json\/wp\/v2\/media?parent=362"}],"curies":[{"name":"wp","href":"https:\/\/api.w.org\/{rel}","templated":true}]}}