{"id":358,"date":"2025-01-16T14:55:00","date_gmt":"2025-01-16T19:55:00","guid":{"rendered":"https:\/\/enmodeado.ekloweb.com\/?page_id=358"},"modified":"2025-08-18T15:30:45","modified_gmt":"2025-08-18T19:30:45","slug":"about-us","status":"publish","type":"page","link":"https:\/\/enmodeado.ca\/en\/about-us\/","title":{"rendered":"About us"},"content":{"rendered":"\r\n    <div class=\"container-deco deco-top container-bg-color-gray-light\">\r\n            <\/div>\r\n<section class=\"container-eklo add-table-content has-background has-gray-light-background-color container-padding-4em\">\r\n\r\n    <div class=\"container\">\r\n                <div class=\"container-eklo-content eklo-deco\" >\r\n            <div class=\"acf-innerblocks-container\">\n<div class=\"highlight-box box-style-default\">\r\n    <div class=\"row align-items-center\">\r\n        <div class=\"col\">\r\n            <div class=\"acf-innerblocks-container\">\n\n<h2 class=\"wp-block-heading\">Who are we?<\/h2>\n\n\n\n<p><em>En mode ado<\/em>&nbsp;is a project of the Direction de la sant\u00e9 publique de la Mont\u00e9r\u00e9gie (DSP). The goal of this initiative? To support parents of teens by promoting positive parenting practices and addressing the challenges experienced by teens aged 12 to 17.<\/p>\n\n\n\n<p>Why&nbsp;<em>En mode ado<\/em>? Simply because being \u201cin teen mode\u201d (<em>En mode ado)<\/em>, means understanding the challenges teens face on a daily basis through their eyes.<\/p>\n\n<\/div>\r\n        <\/div>\r\n    <\/div>\r\n<\/div>\r\n\n<\/div>\r\n        <\/div>\r\n    <\/div>\r\n\r\n<\/section>\r\n    <div class=\"container-deco deco-bottom container-bg-color-gray-light\">\r\n            <\/div>\r\n\n\n\r\n    <div class=\"container-deco deco-top container-bg-color-white\">\r\n            <\/div>\r\n<section class=\"container-eklo add-table-content has-background has-white-background-color container-padding-4em\">\r\n\r\n    <div class=\"container\">\r\n                <div class=\"container-eklo-content eklo-deco\" >\r\n            <div class=\"acf-innerblocks-container\">\n\n<p>They are professionals with diverse training such as medicine, sexology, social work, kinesiology, psychology and nutrition who make up the En mode ado team.<\/p>\n\n\n\n<p>A site like En mode ado could not exist without the invaluable contribution of its partners. The team works closely with:<\/p>\n\n\n\n<ul class=\"wp-block-list\">\n<li>community organizations in Mont\u00e9r\u00e9gie<\/li>\n\n\n\n<li>educational advisors from the School Service Center (CSS)<\/li>\n\n\n\n<li>health and social services workers supporting young people<\/li>\n\n\n\n<li>parents<\/li>\n\n\n\n<li>teenagers<\/li>\n<\/ul>\n\n\n\n<p>Everyone joins forces for the well-being and optimal development of 12-17 year olds.<\/p>\n\n<\/div>\r\n        <\/div>\r\n    <\/div>\r\n\r\n<\/section>\r\n    <div class=\"container-deco deco-bottom container-bg-color-white\">\r\n            <\/div>\r\n\n\n\r\n    <div class=\"container-deco deco-top\">\r\n            <\/div>\r\n<section class=\"container-eklo add-table-content container-padding-4em\">\r\n\r\n    <div class=\"container\">\r\n                <div class=\"container-eklo-content eklo-deco\" >\r\n            <div class=\"acf-innerblocks-container\">\n\n<h2 class=\"wp-block-heading is-style-heading-default\">What is the DSP (<em>Direction de la sant\u00e9 publique<\/em>)?<\/h2>\n\n\n\n<p>The Mont\u00e9r\u00e9gie DSP\u2019s mandate is to inform and act in order to maintain and improve the health of the population in its territory. An integral part of the&nbsp;<em>Centre int\u00e9gr\u00e9 de sant\u00e9 et de services&nbsp;<\/em><em>sociaux&nbsp;<\/em>(CISSS) de la Mont\u00e9r\u00e9gie-Centre, the DSP offers public health services to the entire Mont\u00e9r\u00e9gie.<\/p>\n\n<\/div>\r\n        <\/div>\r\n    <\/div>\r\n\r\n<\/section>\r\n    <div class=\"container-deco deco-bottom\">\r\n            <\/div>\r\n\n\n\r\n    <div class=\"container-deco deco-top container-bg-color-white\">\r\n            <\/div>\r\n<section class=\"container-eklo add-table-content has-background has-white-background-color container-padding-4em\">\r\n\r\n    <div class=\"container\">\r\n                <div class=\"container-eklo-content eklo-deco\" >\r\n            <div class=\"acf-innerblocks-container\">\n\n<h2 class=\"wp-block-heading\">Director&#8217;s Report (French only)<\/h2>\n\n\n\n<p>Check out the full document that inspired the project En mode ado:<\/p>\n\n\n\n<div class=\"wp-block-buttons is-layout-flex wp-block-buttons-is-layout-flex\">\n<div class=\"wp-block-button\"><a class=\"wp-block-button__link wp-element-button\" href=\"https:\/\/enmodeado.ca\/wp-content\/uploads\/2025\/01\/Rapport-de-la-directrice-Enmodeado_2021-VF.pdf\">Learn more<\/a><\/div>\n<\/div>\n\n<\/div>\r\n        <\/div>\r\n    <\/div>\r\n\r\n<\/section>\r\n    <div class=\"container-deco deco-bottom container-bg-color-white\">\r\n            <\/div>\r\n","protected":false},"excerpt":{"rendered":"<p>Who are we? En mode ado&nbsp;is a project of the Direction de la sant\u00e9 publique de la Mont\u00e9r\u00e9gie (DSP). The goal of this initiative? To...<br \/><a href=\"https:\/\/enmodeado.ca\/en\/about-us\/\" class=\"btn\">Read more <span class=\"sr-only\">about About us<\/span><\/a><\/p>","protected":false},"author":3,"featured_media":0,"parent":0,"menu_order":3,"comment_status":"closed","ping_status":"closed","template":"","meta":{"_acf_changed":false,"footnotes":""},"class_list":["post-358","page","type-page","status-publish","hentry"],"acf":[],"yoast_head":"<!-- This site is optimized with the Yoast SEO plugin v26.8 - https:\/\/yoast.com\/product\/yoast-seo-wordpress\/ -->\n<title>About us - En mode ado<\/title>\n<meta name=\"robots\" content=\"index, follow, max-snippet:-1, max-image-preview:large, max-video-preview:-1\" \/>\n<link rel=\"canonical\" href=\"https:\/\/enmodeado.ca\/en\/about-us\/\" \/>\n<meta property=\"og:locale\" content=\"en_US\" \/>\n<meta property=\"og:type\" content=\"article\" \/>\n<meta property=\"og:title\" content=\"About us - En mode ado\" \/>\n<meta property=\"og:url\" content=\"https:\/\/enmodeado.ca\/en\/about-us\/\" \/>\n<meta property=\"og:site_name\" content=\"En mode ado\" \/>\n<meta property=\"article:modified_time\" content=\"2025-08-18T19:30:45+00:00\" \/>\n<meta name=\"twitter:card\" content=\"summary_large_image\" \/>\n<meta name=\"twitter:label1\" content=\"Est. reading time\" \/>\n\t<meta name=\"twitter:data1\" content=\"2 minutes\" \/>\n<script type=\"application\/ld+json\" class=\"yoast-schema-graph\">{\"@context\":\"https:\/\/schema.org\",\"@graph\":[{\"@type\":\"WebPage\",\"@id\":\"https:\/\/enmodeado.ca\/en\/about-us\/\",\"url\":\"https:\/\/enmodeado.ca\/en\/about-us\/\",\"name\":\"About us - En mode ado\",\"isPartOf\":{\"@id\":\"https:\/\/enmodeado.ca\/en\/#website\"},\"datePublished\":\"2025-01-16T19:55:00+00:00\",\"dateModified\":\"2025-08-18T19:30:45+00:00\",\"breadcrumb\":{\"@id\":\"https:\/\/enmodeado.ca\/en\/about-us\/#breadcrumb\"},\"inLanguage\":\"en-US\",\"potentialAction\":[{\"@type\":\"ReadAction\",\"target\":[\"https:\/\/enmodeado.ca\/en\/about-us\/\"]}]},{\"@type\":\"BreadcrumbList\",\"@id\":\"https:\/\/enmodeado.ca\/en\/about-us\/#breadcrumb\",\"itemListElement\":[{\"@type\":\"ListItem\",\"position\":1,\"name\":\"Home\",\"item\":\"https:\/\/enmodeado.ca\/en\/\"},{\"@type\":\"ListItem\",\"position\":2,\"name\":\"About us\"}]},{\"@type\":\"WebSite\",\"@id\":\"https:\/\/enmodeado.ca\/en\/#website\",\"url\":\"https:\/\/enmodeado.ca\/en\/\",\"name\":\"En mode ado\",\"description\":\"\",\"publisher\":{\"@id\":\"https:\/\/enmodeado.ca\/en\/#organization\"},\"potentialAction\":[{\"@type\":\"SearchAction\",\"target\":{\"@type\":\"EntryPoint\",\"urlTemplate\":\"https:\/\/enmodeado.ca\/en\/?s={search_term_string}\"},\"query-input\":{\"@type\":\"PropertyValueSpecification\",\"valueRequired\":true,\"valueName\":\"search_term_string\"}}],\"inLanguage\":\"en-US\"},{\"@type\":\"Organization\",\"@id\":\"https:\/\/enmodeado.ca\/en\/#organization\",\"name\":\"En mode ado\",\"url\":\"https:\/\/enmodeado.ca\/en\/\",\"logo\":{\"@type\":\"ImageObject\",\"inLanguage\":\"en-US\",\"@id\":\"https:\/\/enmodeado.ca\/en\/#\/schema\/logo\/image\/\",\"url\":\"https:\/\/enmodeado.ca\/wp-content\/uploads\/2026\/01\/en-mode-ado.png\",\"contentUrl\":\"https:\/\/enmodeado.ca\/wp-content\/uploads\/2026\/01\/en-mode-ado.png\",\"width\":300,\"height\":300,\"caption\":\"En mode ado\"},\"image\":{\"@id\":\"https:\/\/enmodeado.ca\/en\/#\/schema\/logo\/image\/\"}}]}<\/script>\n<!-- \/ Yoast SEO plugin. -->","yoast_head_json":{"title":"About us - En mode ado","robots":{"index":"index","follow":"follow","max-snippet":"max-snippet:-1","max-image-preview":"max-image-preview:large","max-video-preview":"max-video-preview:-1"},"canonical":"https:\/\/enmodeado.ca\/en\/about-us\/","og_locale":"en_US","og_type":"article","og_title":"About us - En mode ado","og_url":"https:\/\/enmodeado.ca\/en\/about-us\/","og_site_name":"En mode ado","article_modified_time":"2025-08-18T19:30:45+00:00","twitter_card":"summary_large_image","twitter_misc":{"Est. reading time":"2 minutes"},"schema":{"@context":"https:\/\/schema.org","@graph":[{"@type":"WebPage","@id":"https:\/\/enmodeado.ca\/en\/about-us\/","url":"https:\/\/enmodeado.ca\/en\/about-us\/","name":"About us - En mode ado","isPartOf":{"@id":"https:\/\/enmodeado.ca\/en\/#website"},"datePublished":"2025-01-16T19:55:00+00:00","dateModified":"2025-08-18T19:30:45+00:00","breadcrumb":{"@id":"https:\/\/enmodeado.ca\/en\/about-us\/#breadcrumb"},"inLanguage":"en-US","potentialAction":[{"@type":"ReadAction","target":["https:\/\/enmodeado.ca\/en\/about-us\/"]}]},{"@type":"BreadcrumbList","@id":"https:\/\/enmodeado.ca\/en\/about-us\/#breadcrumb","itemListElement":[{"@type":"ListItem","position":1,"name":"Home","item":"https:\/\/enmodeado.ca\/en\/"},{"@type":"ListItem","position":2,"name":"About us"}]},{"@type":"WebSite","@id":"https:\/\/enmodeado.ca\/en\/#website","url":"https:\/\/enmodeado.ca\/en\/","name":"En mode ado","description":"","publisher":{"@id":"https:\/\/enmodeado.ca\/en\/#organization"},"potentialAction":[{"@type":"SearchAction","target":{"@type":"EntryPoint","urlTemplate":"https:\/\/enmodeado.ca\/en\/?s={search_term_string}"},"query-input":{"@type":"PropertyValueSpecification","valueRequired":true,"valueName":"search_term_string"}}],"inLanguage":"en-US"},{"@type":"Organization","@id":"https:\/\/enmodeado.ca\/en\/#organization","name":"En mode ado","url":"https:\/\/enmodeado.ca\/en\/","logo":{"@type":"ImageObject","inLanguage":"en-US","@id":"https:\/\/enmodeado.ca\/en\/#\/schema\/logo\/image\/","url":"https:\/\/enmodeado.ca\/wp-content\/uploads\/2026\/01\/en-mode-ado.png","contentUrl":"https:\/\/enmodeado.ca\/wp-content\/uploads\/2026\/01\/en-mode-ado.png","width":300,"height":300,"caption":"En mode ado"},"image":{"@id":"https:\/\/enmodeado.ca\/en\/#\/schema\/logo\/image\/"}}]}},"_links":{"self":[{"href":"https:\/\/enmodeado.ca\/en\/wp-json\/wp\/v2\/pages\/358","targetHints":{"allow":["GET"]}}],"collection":[{"href":"https:\/\/enmodeado.ca\/en\/wp-json\/wp\/v2\/pages"}],"about":[{"href":"https:\/\/enmodeado.ca\/en\/wp-json\/wp\/v2\/types\/page"}],"author":[{"embeddable":true,"href":"https:\/\/enmodeado.ca\/en\/wp-json\/wp\/v2\/users\/3"}],"replies":[{"embeddable":true,"href":"https:\/\/enmodeado.ca\/en\/wp-json\/wp\/v2\/comments?post=358"}],"version-history":[{"count":2,"href":"https:\/\/enmodeado.ca\/en\/wp-json\/wp\/v2\/pages\/358\/revisions"}],"predecessor-version":[{"id":2198,"href":"https:\/\/enmodeado.ca\/en\/wp-json\/wp\/v2\/pages\/358\/revisions\/2198"}],"wp:attachment":[{"href":"https:\/\/enmodeado.ca\/en\/wp-json\/wp\/v2\/media?parent=358"}],"curies":[{"name":"wp","href":"https:\/\/api.w.org\/{rel}","templated":true}]}}