{"id":2184,"date":"2025-08-18T15:14:46","date_gmt":"2025-08-18T19:14:46","guid":{"rendered":"https:\/\/enmodeado.ekloweb.com\/?page_id=2184"},"modified":"2025-08-18T15:14:48","modified_gmt":"2025-08-18T19:14:48","slug":"newsletter","status":"publish","type":"page","link":"https:\/\/enmodeado.ca\/en\/about-us\/newsletter\/","title":{"rendered":"newsletter"},"content":{"rendered":"\r\n    <div class=\"container-deco deco-top\">\r\n            <\/div>\r\n<section class=\"container-eklo add-table-content container-padding-4em\">\r\n\r\n    <div class=\"container\">\r\n                <div class=\"container-eklo-content eklo-deco\" >\r\n            <div class=\"acf-innerblocks-container\">\n<div class=\"highlight-box box-style-default\">\r\n    <div class=\"row align-items-center\">\r\n        <div class=\"col\">\r\n            <div class=\"acf-innerblocks-container\">\n\n<h2 class=\"wp-block-heading has-text-align-center\">Subscribe to our newsletter!<sup>*<\/sup><\/h2>\n\n\n\n<p class=\"has-text-align-center\">Visit <em>En mode ado<\/em> and subscribe to our newsletter published <strong>five times a year<\/strong>.<\/p>\n\n\n\n<p class=\"has-text-align-center\">Receive lots of tips, advice and resources <strong>to help you better understand your teen<\/strong> and help you support them in their development, health and well-being.<\/p>\n\n\n\n<p><em>*Our newsletter is published in French only but the majority of the subjects that are presented can be found in English on this website.<\/em><\/p>\n\n<\/div>\r\n        <\/div>\r\n    <\/div>\r\n<\/div>\r\n\n\n<script type=\"text\/javascript\">\n\/* <![CDATA[ *\/\nvar gform;gform||(document.addEventListener(\"gform_main_scripts_loaded\",function(){gform.scriptsLoaded=!0}),document.addEventListener(\"gform\/theme\/scripts_loaded\",function(){gform.themeScriptsLoaded=!0}),window.addEventListener(\"DOMContentLoaded\",function(){gform.domLoaded=!0}),gform={domLoaded:!1,scriptsLoaded:!1,themeScriptsLoaded:!1,isFormEditor:()=>\"function\"==typeof InitializeEditor,callIfLoaded:function(o){return!(!gform.domLoaded||!gform.scriptsLoaded||!gform.themeScriptsLoaded&&!gform.isFormEditor()||(gform.isFormEditor()&&console.warn(\"The use of gform.initializeOnLoaded() is deprecated in the form editor context and will be removed in Gravity Forms 3.1.\"),o(),0))},initializeOnLoaded:function(o){gform.callIfLoaded(o)||(document.addEventListener(\"gform_main_scripts_loaded\",()=>{gform.scriptsLoaded=!0,gform.callIfLoaded(o)}),document.addEventListener(\"gform\/theme\/scripts_loaded\",()=>{gform.themeScriptsLoaded=!0,gform.callIfLoaded(o)}),window.addEventListener(\"DOMContentLoaded\",()=>{gform.domLoaded=!0,gform.callIfLoaded(o)}))},hooks:{action:{},filter:{}},addAction:function(o,r,e,t){gform.addHook(\"action\",o,r,e,t)},addFilter:function(o,r,e,t){gform.addHook(\"filter\",o,r,e,t)},doAction:function(o){gform.doHook(\"action\",o,arguments)},applyFilters:function(o){return gform.doHook(\"filter\",o,arguments)},removeAction:function(o,r){gform.removeHook(\"action\",o,r)},removeFilter:function(o,r,e){gform.removeHook(\"filter\",o,r,e)},addHook:function(o,r,e,t,n){null==gform.hooks[o][r]&&(gform.hooks[o][r]=[]);var d=gform.hooks[o][r];null==n&&(n=r+\"_\"+d.length),gform.hooks[o][r].push({tag:n,callable:e,priority:t=null==t?10:t})},doHook:function(r,o,e){var t;if(e=Array.prototype.slice.call(e,1),null!=gform.hooks[r][o]&&((o=gform.hooks[r][o]).sort(function(o,r){return o.priority-r.priority}),o.forEach(function(o){\"function\"!=typeof(t=o.callable)&&(t=window[t]),\"action\"==r?t.apply(null,e):e[0]=t.apply(null,e)})),\"filter\"==r)return e[0]},removeHook:function(o,r,t,n){var e;null!=gform.hooks[o][r]&&(e=(e=gform.hooks[o][r]).filter(function(o,r,e){return!!(null!=n&&n!=o.tag||null!=t&&t!=o.priority)}),gform.hooks[o][r]=e)}});\n\/* ]]> *\/\n<\/script>\n\n                <div class='gf_browser_gecko gform_wrapper gravity-theme gform-theme--no-framework' data-form-theme='gravity-theme' data-form-index='0' id='gform_wrapper_2' ><div id='gf_2' class='gform_anchor' tabindex='-1'><\/div>\n                        <div class='gform_heading'>\n                            <h2 class=\"gform_title\">Subscription form<\/h2>\n                        <\/div><form method='post' enctype='multipart\/form-data'  id='gform_2'  action='\/en\/wp-json\/wp\/v2\/pages\/2184#gf_2' data-formid='2' novalidate>\n                        <div class='gform-body gform_body'><div id='gform_fields_2' class='gform_fields top_label form_sublabel_below description_below validation_below'><div id=\"field_2_1\" class=\"gfield gfield--type-email gfield--input-type-email gfield--width-third gfield_contains_required field_sublabel_below gfield--no-description field_description_below field_validation_below gfield_visibility_visible\"  ><label class='gfield_label gform-field-label' for='input_2_1'>Email<span class=\"gfield_required\"><span class=\"gfield_required gfield_required_text\">(Required)<\/span><\/span><\/label><div class='ginput_container ginput_container_email'>\n                            <input name='input_1' id='input_2_1' type='email' value='' class='large'    aria-required=\"true\" aria-invalid=\"false\"  \/>\n                        <\/div><\/div><div id=\"field_2_4\" class=\"gfield gfield--type-select gfield--input-type-select gfield--width-third gfield_contains_required field_sublabel_below gfield--no-description field_description_below field_validation_below gfield_visibility_visible\"  ><label class='gfield_label gform-field-label' for='input_2_4'>Area<span class=\"gfield_required\"><span class=\"gfield_required gfield_required_text\">(Required)<\/span><\/span><\/label><div class='ginput_container ginput_container_select'><select name='input_4' id='input_2_4' class='large gfield_select'    aria-required=\"true\" aria-invalid=\"false\" ><option value='' selected='selected' class='gf_placeholder'>&#8212; Select an item &#8212;<\/option><option value='Abitibi-Temiscamingue' >Abitibi-Temiscamingue<\/option><option value='Bas-Saint-Laurent' >Bas-Saint-Laurent<\/option><option value='Capitale-Nationale' >Capitale-Nationale<\/option><option value='Centre-du-Qu\u00e9bec' >Centre-du-Qu\u00e9bec<\/option><option value='Chaudi\u00e8re-Appalaches' >Chaudi\u00e8re-Appalaches<\/option><option value='C\u00f4te-Nord' >C\u00f4te-Nord<\/option><option value='Estrie' >Estrie<\/option><option value='Gasp\u00e9sie-\u00celes-de-la-Madeleine' >Gasp\u00e9sie-\u00celes-de-la-Madeleine<\/option><option value='Lanaudi\u00e8re' >Lanaudi\u00e8re<\/option><option value='Laurentides' >Laurentides<\/option><option value='Laval' >Laval<\/option><option value='Mauricie' >Mauricie<\/option><option value='Mont\u00e9r\u00e9gie' >Mont\u00e9r\u00e9gie<\/option><option value='Montr\u00e9al' >Montr\u00e9al<\/option><option value='Nord-du-Qu\u00e9bec' >Nord-du-Qu\u00e9bec<\/option><option value='Outaouais' >Outaouais<\/option><option value='Saguenay-Lac-Saint-Jean' >Saguenay-Lac-Saint-Jean<\/option><\/select><\/div><\/div><div id=\"field_2_5\" class=\"gfield gfield--type-text gfield--input-type-text gfield--width-third gfield_contains_required field_sublabel_below gfield--no-description field_description_below field_validation_below gfield_visibility_visible\"  ><label class='gfield_label gform-field-label' for='input_2_5'>City<span class=\"gfield_required\"><span class=\"gfield_required gfield_required_text\">(Required)<\/span><\/span><\/label><div class='ginput_container ginput_container_text'><input name='input_5' id='input_2_5' type='text' value='' class='large'     aria-required=\"true\" aria-invalid=\"false\"   \/><\/div><\/div><fieldset id=\"field_2_3\" class=\"gfield gfield--type-radio gfield--type-choice gfield--input-type-radio gfield--width-full gfield_contains_required field_sublabel_below gfield--no-description field_description_below field_validation_below gfield_visibility_visible\"  ><legend class='gfield_label gform-field-label' >I am subscribing as:<span class=\"gfield_required\"><span class=\"gfield_required gfield_required_text\">(Required)<\/span><\/span><\/legend><div class='ginput_container ginput_container_radio'><div class='gfield_radio' id='input_2_3'>\n\t\t\t<div class='gchoice gchoice_2_3_0'>\n\t\t\t\t\t<input class='gfield-choice-input' name='input_3' type='radio' value='Parent'  id='choice_2_3_0' onchange='gformToggleRadioOther( this )'    \/>\n\t\t\t\t\t<label for='choice_2_3_0' id='label_2_3_0' class='gform-field-label gform-field-label--type-inline'>Parent<\/label>\n\t\t\t<\/div>\n\t\t\t<div class='gchoice gchoice_2_3_1'>\n\t\t\t\t\t<input class='gfield-choice-input' name='input_3' type='radio' value='Counsellor'  id='choice_2_3_1' onchange='gformToggleRadioOther( this )'    \/>\n\t\t\t\t\t<label for='choice_2_3_1' id='label_2_3_1' class='gform-field-label gform-field-label--type-inline'>Counsellor<\/label>\n\t\t\t<\/div><\/div><\/div><\/fieldset><\/div><\/div>\n        <div class='gform-footer gform_footer top_label'> <input type='submit' id='gform_submit_button_2' class='gform_button button' onclick='gform.submission.handleButtonClick(this);' data-submission-type='submit' value='I subscribe'  \/> \n            <input type='hidden' class='gform_hidden' name='gform_submission_method' data-js='gform_submission_method_2' value='postback' \/>\n            <input type='hidden' class='gform_hidden' name='gform_theme' data-js='gform_theme_2' id='gform_theme_2' value='gravity-theme' \/>\n            <input type='hidden' class='gform_hidden' name='gform_style_settings' data-js='gform_style_settings_2' id='gform_style_settings_2' value='{&quot;inputPrimaryColor&quot;:&quot;#204ce5&quot;}' \/>\n            <input type='hidden' class='gform_hidden' name='is_submit_2' value='1' \/>\n            <input type='hidden' class='gform_hidden' name='gform_submit' value='2' \/>\n            \n            <input type='hidden' class='gform_hidden' name='gform_currency' data-currency='CAD' value='ka\/6LWd1FLP6Sy8I6MDUkUNlADkI2JGeCRXQCHD4y0YONABn3GIR\/WHmLOXPUjmx9dqYxPzXTnqo3RGsjOTt28dg2gHFyvRaRjrbBH6VJ\/SDWdc=' \/>\n            <input type='hidden' class='gform_hidden' name='gform_unique_id' value='' \/>\n            <input type='hidden' class='gform_hidden' name='state_2' value='WyJ7XCI0XCI6W1wiMGI1NDlmNzcyZWFmNzQzYWVkNGY0M2I3ZGFjZjFkYTNcIixcIjYxZTRlNzAwOWVkYTVhYTkwYmY5MGI1M2IxNTJhNmYyXCIsXCI3MDQzZGUyNTcxMzIyYmExZmU0YmY3NDA1ZGZkODZkOFwiLFwiNzdjZGI0Yjc2MWU4Nzk4OWIzYTI1ODBkNTRkMTdjZjFcIixcIjZhZmYwODc4MTBjOWQzNjNmOWY5MDQ3ZmY5Zjk2YjJmXCIsXCJiMzM5NTZlMzY2ZDc3MGI2NGY3MGZiNjQ1Y2E0NmJmY1wiLFwiOGQxZjFjM2QwMWE2YzE2YmNiNWU0MDExNmQ2MGRiYWZcIixcIjczOGVmM2JlNmQwNGI5YzgzODQ4MjE3MTRmMTI1ZTYyXCIsXCI4MzkyNzljMzBiMTlkNTRmMjU5MGExYmYyYzM0NjAwZVwiLFwiYWVlMTI4NjEzMzVjYWZhOGMwNGQ3OGQ2YWE0NmU2MmRcIixcImYwNTZmOTQ1ZGI1YTA4YzkyMzNiMGNkYzdmMzc1ZmM3XCIsXCI5ZTZkNGQxOWM4MGJmNzhlYjllNGMxZDM1N2E5MWI1NFwiLFwiMzg0NDUwY2JjOGUwNmI3NTdiMjU5ZjU1NmQ5M2Q4ZDdcIixcIjM5MDAxOWM1OTliODM4NWM1YWY2ZjIzZDE2MTI0MDliXCIsXCJjYjI3N2IxN2FlMTJmYTVkM2RkMTcxYjc4NWI5NGRjZlwiLFwiYjMwNjU1YWE1MjY1NTcyMzMyNzJmNzY1ZDc1NDY5MjdcIixcIjkxNWUxMzRjYzA1YTkyMTdmYzYwZGZkMGE5Zjc3ODBhXCJdLFwiM1wiOltcIjlmYTQ4OTk4MDA3MmY1YTI5NzJkNTkwZWIzNjMyNjUzXCIsXCIwNmIzNGQyMmQyZjVlZjY4NGYwNDJmNzFjYWFmOTY5ZlwiXX0iLCJiYjE3ZjRiNjBiZjBkZDU5NDZjNmQwNjQzNWJlZjE4ZiJd' \/>\n            <input type='hidden' autocomplete='off' class='gform_hidden' name='gform_target_page_number_2' id='gform_target_page_number_2' value='0' \/>\n            <input type='hidden' autocomplete='off' class='gform_hidden' name='gform_source_page_number_2' id='gform_source_page_number_2' value='1' \/>\n            <input type='hidden' name='gform_field_values' value='' \/>\n            \n        <\/div>\n                        <\/form>\n                        <\/div><script type=\"text\/javascript\">\n\/* <![CDATA[ *\/\n gform.initializeOnLoaded( function() {gformInitSpinner( 2, 'https:\/\/enmodeado.ca\/wp-content\/plugins\/gravityforms\/images\/spinner.svg', true );jQuery('#gform_ajax_frame_2').on('load',function(){var contents = jQuery(this).contents().find('*').html();var is_postback = contents.indexOf('GF_AJAX_POSTBACK') >= 0;if(!is_postback){return;}var form_content = jQuery(this).contents().find('#gform_wrapper_2');var is_confirmation = jQuery(this).contents().find('#gform_confirmation_wrapper_2').length > 0;var is_redirect = contents.indexOf('gformRedirect(){') >= 0;var is_form = form_content.length > 0 && ! is_redirect && ! is_confirmation;var mt = parseInt(jQuery('html').css('margin-top'), 10) + parseInt(jQuery('body').css('margin-top'), 10) + 100;if(is_form){jQuery('#gform_wrapper_2').html(form_content.html());if(form_content.hasClass('gform_validation_error')){jQuery('#gform_wrapper_2').addClass('gform_validation_error');} else {jQuery('#gform_wrapper_2').removeClass('gform_validation_error');}setTimeout( function() { \/* delay the scroll by 50 milliseconds to fix a bug in chrome *\/ jQuery(document).scrollTop(jQuery('#gform_wrapper_2').offset().top - mt); }, 50 );if(window['gformInitDatepicker']) {gformInitDatepicker();}if(window['gformInitPriceFields']) {gformInitPriceFields();}var current_page = jQuery('#gform_source_page_number_2').val();gformInitSpinner( 2, 'https:\/\/enmodeado.ca\/wp-content\/plugins\/gravityforms\/images\/spinner.svg', true );jQuery(document).trigger('gform_page_loaded', [2, current_page]);window['gf_submitting_2'] = false;}else if(!is_redirect){var confirmation_content = jQuery(this).contents().find('.GF_AJAX_POSTBACK').html();if(!confirmation_content){confirmation_content = contents;}jQuery('#gform_wrapper_2').replaceWith(confirmation_content);jQuery(document).scrollTop(jQuery('#gf_2').offset().top - mt);jQuery(document).trigger('gform_confirmation_loaded', [2]);window['gf_submitting_2'] = false;wp.a11y.speak(jQuery('#gform_confirmation_message_2').text());}else{jQuery('#gform_2').append(contents);if(window['gformRedirect']) {gformRedirect();}}jQuery(document).trigger(\"gform_pre_post_render\", [{ formId: \"2\", currentPage: \"current_page\", abort: function() { this.preventDefault(); } }]);        if (event && event.defaultPrevented) {                return;        }        const gformWrapperDiv = document.getElementById( \"gform_wrapper_2\" );        if ( gformWrapperDiv ) {            const visibilitySpan = document.createElement( \"span\" );            visibilitySpan.id = \"gform_visibility_test_2\";            gformWrapperDiv.insertAdjacentElement( \"afterend\", visibilitySpan );        }        const visibilityTestDiv = document.getElementById( \"gform_visibility_test_2\" );        let postRenderFired = false;        function triggerPostRender() {            if ( postRenderFired ) {                return;            }            postRenderFired = true;            gform.core.triggerPostRenderEvents( 2, current_page );            if ( visibilityTestDiv ) {                visibilityTestDiv.parentNode.removeChild( visibilityTestDiv );            }        }        function debounce( func, wait, immediate ) {            var timeout;            return function() {                var context = this, args = arguments;                var later = function() {                    timeout = null;                    if ( !immediate ) func.apply( context, args );                };                var callNow = immediate && !timeout;                clearTimeout( timeout );                timeout = setTimeout( later, wait );                if ( callNow ) func.apply( context, args );            };        }        const debouncedTriggerPostRender = debounce( function() {            triggerPostRender();        }, 200 );        if ( visibilityTestDiv && visibilityTestDiv.offsetParent === null ) {            const observer = new MutationObserver( ( mutations ) => {                mutations.forEach( ( mutation ) => {                    if ( mutation.type === 'attributes' && visibilityTestDiv.offsetParent !== null ) {                        debouncedTriggerPostRender();                        observer.disconnect();                    }                });            });            observer.observe( document.body, {                attributes: true,                childList: false,                subtree: true,                attributeFilter: [ 'style', 'class' ],            });        } else {            triggerPostRender();        }    } );} ); \n\/* ]]> *\/\n<\/script>\n\n<\/div>\r\n        <\/div>\r\n    <\/div>\r\n\r\n<\/section>\r\n    <div class=\"container-deco deco-bottom\">\r\n            <\/div>\r\n","protected":false},"excerpt":{"rendered":"<p>Subscribe to our newsletter!* Visit En mode ado and subscribe to our newsletter published five times a year. Receive lots of tips, advice and resources...<br \/><a href=\"https:\/\/enmodeado.ca\/en\/about-us\/newsletter\/\" class=\"btn\">Read more <span class=\"sr-only\">about newsletter<\/span><\/a><\/p>","protected":false},"author":3,"featured_media":0,"parent":358,"menu_order":1,"comment_status":"closed","ping_status":"closed","template":"","meta":{"_acf_changed":false,"footnotes":""},"class_list":["post-2184","page","type-page","status-publish","hentry"],"acf":[],"yoast_head":"<!-- This site is optimized with the Yoast SEO plugin v26.8 - https:\/\/yoast.com\/product\/yoast-seo-wordpress\/ -->\n<title>newsletter - En mode ado<\/title>\n<meta name=\"robots\" content=\"index, follow, max-snippet:-1, max-image-preview:large, max-video-preview:-1\" \/>\n<link rel=\"canonical\" href=\"https:\/\/enmodeado.ca\/en\/about-us\/newsletter\/\" \/>\n<meta property=\"og:locale\" content=\"en_US\" \/>\n<meta property=\"og:type\" content=\"article\" \/>\n<meta property=\"og:title\" content=\"newsletter - En mode ado\" \/>\n<meta property=\"og:url\" content=\"https:\/\/enmodeado.ca\/en\/about-us\/newsletter\/\" \/>\n<meta property=\"og:site_name\" content=\"En mode ado\" \/>\n<meta property=\"article:modified_time\" content=\"2025-08-18T19:14:48+00:00\" \/>\n<meta name=\"twitter:card\" content=\"summary_large_image\" \/>\n<meta name=\"twitter:label1\" content=\"Est. reading time\" \/>\n\t<meta name=\"twitter:data1\" content=\"1 minute\" \/>\n<script type=\"application\/ld+json\" class=\"yoast-schema-graph\">{\"@context\":\"https:\/\/schema.org\",\"@graph\":[{\"@type\":\"WebPage\",\"@id\":\"https:\/\/enmodeado.ca\/en\/about-us\/newsletter\/\",\"url\":\"https:\/\/enmodeado.ca\/en\/about-us\/newsletter\/\",\"name\":\"newsletter - En mode ado\",\"isPartOf\":{\"@id\":\"https:\/\/enmodeado.ca\/en\/#website\"},\"datePublished\":\"2025-08-18T19:14:46+00:00\",\"dateModified\":\"2025-08-18T19:14:48+00:00\",\"breadcrumb\":{\"@id\":\"https:\/\/enmodeado.ca\/en\/about-us\/newsletter\/#breadcrumb\"},\"inLanguage\":\"en-US\",\"potentialAction\":[{\"@type\":\"ReadAction\",\"target\":[\"https:\/\/enmodeado.ca\/en\/about-us\/newsletter\/\"]}]},{\"@type\":\"BreadcrumbList\",\"@id\":\"https:\/\/enmodeado.ca\/en\/about-us\/newsletter\/#breadcrumb\",\"itemListElement\":[{\"@type\":\"ListItem\",\"position\":1,\"name\":\"Home\",\"item\":\"https:\/\/enmodeado.ca\/en\/\"},{\"@type\":\"ListItem\",\"position\":2,\"name\":\"About us\",\"item\":\"https:\/\/enmodeado.ca\/en\/about-us\/\"},{\"@type\":\"ListItem\",\"position\":3,\"name\":\"newsletter\"}]},{\"@type\":\"WebSite\",\"@id\":\"https:\/\/enmodeado.ca\/en\/#website\",\"url\":\"https:\/\/enmodeado.ca\/en\/\",\"name\":\"En mode ado\",\"description\":\"\",\"publisher\":{\"@id\":\"https:\/\/enmodeado.ca\/en\/#organization\"},\"potentialAction\":[{\"@type\":\"SearchAction\",\"target\":{\"@type\":\"EntryPoint\",\"urlTemplate\":\"https:\/\/enmodeado.ca\/en\/?s={search_term_string}\"},\"query-input\":{\"@type\":\"PropertyValueSpecification\",\"valueRequired\":true,\"valueName\":\"search_term_string\"}}],\"inLanguage\":\"en-US\"},{\"@type\":\"Organization\",\"@id\":\"https:\/\/enmodeado.ca\/en\/#organization\",\"name\":\"En mode ado\",\"url\":\"https:\/\/enmodeado.ca\/en\/\",\"logo\":{\"@type\":\"ImageObject\",\"inLanguage\":\"en-US\",\"@id\":\"https:\/\/enmodeado.ca\/en\/#\/schema\/logo\/image\/\",\"url\":\"https:\/\/enmodeado.ca\/wp-content\/uploads\/2026\/01\/en-mode-ado.png\",\"contentUrl\":\"https:\/\/enmodeado.ca\/wp-content\/uploads\/2026\/01\/en-mode-ado.png\",\"width\":300,\"height\":300,\"caption\":\"En mode ado\"},\"image\":{\"@id\":\"https:\/\/enmodeado.ca\/en\/#\/schema\/logo\/image\/\"}}]}<\/script>\n<!-- \/ Yoast SEO plugin. -->","yoast_head_json":{"title":"newsletter - En mode ado","robots":{"index":"index","follow":"follow","max-snippet":"max-snippet:-1","max-image-preview":"max-image-preview:large","max-video-preview":"max-video-preview:-1"},"canonical":"https:\/\/enmodeado.ca\/en\/about-us\/newsletter\/","og_locale":"en_US","og_type":"article","og_title":"newsletter - En mode ado","og_url":"https:\/\/enmodeado.ca\/en\/about-us\/newsletter\/","og_site_name":"En mode ado","article_modified_time":"2025-08-18T19:14:48+00:00","twitter_card":"summary_large_image","twitter_misc":{"Est. reading time":"1 minute"},"schema":{"@context":"https:\/\/schema.org","@graph":[{"@type":"WebPage","@id":"https:\/\/enmodeado.ca\/en\/about-us\/newsletter\/","url":"https:\/\/enmodeado.ca\/en\/about-us\/newsletter\/","name":"newsletter - En mode ado","isPartOf":{"@id":"https:\/\/enmodeado.ca\/en\/#website"},"datePublished":"2025-08-18T19:14:46+00:00","dateModified":"2025-08-18T19:14:48+00:00","breadcrumb":{"@id":"https:\/\/enmodeado.ca\/en\/about-us\/newsletter\/#breadcrumb"},"inLanguage":"en-US","potentialAction":[{"@type":"ReadAction","target":["https:\/\/enmodeado.ca\/en\/about-us\/newsletter\/"]}]},{"@type":"BreadcrumbList","@id":"https:\/\/enmodeado.ca\/en\/about-us\/newsletter\/#breadcrumb","itemListElement":[{"@type":"ListItem","position":1,"name":"Home","item":"https:\/\/enmodeado.ca\/en\/"},{"@type":"ListItem","position":2,"name":"About us","item":"https:\/\/enmodeado.ca\/en\/about-us\/"},{"@type":"ListItem","position":3,"name":"newsletter"}]},{"@type":"WebSite","@id":"https:\/\/enmodeado.ca\/en\/#website","url":"https:\/\/enmodeado.ca\/en\/","name":"En mode ado","description":"","publisher":{"@id":"https:\/\/enmodeado.ca\/en\/#organization"},"potentialAction":[{"@type":"SearchAction","target":{"@type":"EntryPoint","urlTemplate":"https:\/\/enmodeado.ca\/en\/?s={search_term_string}"},"query-input":{"@type":"PropertyValueSpecification","valueRequired":true,"valueName":"search_term_string"}}],"inLanguage":"en-US"},{"@type":"Organization","@id":"https:\/\/enmodeado.ca\/en\/#organization","name":"En mode ado","url":"https:\/\/enmodeado.ca\/en\/","logo":{"@type":"ImageObject","inLanguage":"en-US","@id":"https:\/\/enmodeado.ca\/en\/#\/schema\/logo\/image\/","url":"https:\/\/enmodeado.ca\/wp-content\/uploads\/2026\/01\/en-mode-ado.png","contentUrl":"https:\/\/enmodeado.ca\/wp-content\/uploads\/2026\/01\/en-mode-ado.png","width":300,"height":300,"caption":"En mode ado"},"image":{"@id":"https:\/\/enmodeado.ca\/en\/#\/schema\/logo\/image\/"}}]}},"_links":{"self":[{"href":"https:\/\/enmodeado.ca\/en\/wp-json\/wp\/v2\/pages\/2184","targetHints":{"allow":["GET"]}}],"collection":[{"href":"https:\/\/enmodeado.ca\/en\/wp-json\/wp\/v2\/pages"}],"about":[{"href":"https:\/\/enmodeado.ca\/en\/wp-json\/wp\/v2\/types\/page"}],"author":[{"embeddable":true,"href":"https:\/\/enmodeado.ca\/en\/wp-json\/wp\/v2\/users\/3"}],"replies":[{"embeddable":true,"href":"https:\/\/enmodeado.ca\/en\/wp-json\/wp\/v2\/comments?post=2184"}],"version-history":[{"count":1,"href":"https:\/\/enmodeado.ca\/en\/wp-json\/wp\/v2\/pages\/2184\/revisions"}],"predecessor-version":[{"id":2186,"href":"https:\/\/enmodeado.ca\/en\/wp-json\/wp\/v2\/pages\/2184\/revisions\/2186"}],"up":[{"embeddable":true,"href":"https:\/\/enmodeado.ca\/en\/wp-json\/wp\/v2\/pages\/358"}],"wp:attachment":[{"href":"https:\/\/enmodeado.ca\/en\/wp-json\/wp\/v2\/media?parent=2184"}],"curies":[{"name":"wp","href":"https:\/\/api.w.org\/{rel}","templated":true}]}}